{"id":95,"date":"2020-03-28T09:27:44","date_gmt":"2020-03-28T09:27:44","guid":{"rendered":"https:\/\/jupiterx.artbees.net\/renovate\/?page_id=95"},"modified":"2023-03-17T15:57:14","modified_gmt":"2023-03-17T15:57:14","slug":"services","status":"publish","type":"page","link":"https:\/\/maconneriemtl.com\/en\/services\/","title":{"rendered":"Services"},"content":{"rendered":"<div data-elementor-type=\"wp-page\" data-elementor-id=\"95\" class=\"elementor elementor-95\" data-elementor-settings=\"[]\">\n\t\t\t\t\t\t\t<div class=\"elementor-section-wrap\">\n\t\t\t\t\t\t\t<section class=\"elementor-section elementor-top-section elementor-element elementor-element-b60c0e4 elementor-section-full_width elementor-section-height-default elementor-section-height-default\" data-id=\"b60c0e4\" data-element_type=\"section\">\n\t\t\t\t\t\t\t<div class=\"elementor-background-overlay\"><\/div>\n\t\t\t\t\t\t\t<div class=\"elementor-container elementor-column-gap-no\">\n\t\t\t\t\t<div class=\"elementor-column elementor-col-100 elementor-top-column elementor-element elementor-element-55a9e2b\" data-id=\"55a9e2b\" data-element_type=\"column\">\n\t\t\t<div class=\"elementor-widget-wrap elementor-element-populated\">\n\t\t\t\t\t\t\t\t<div class=\"elementor-element elementor-element-6ef52ff elementor-widget elementor-widget-heading\" data-id=\"6ef52ff\" data-element_type=\"widget\" data-widget_type=\"heading.default\">\n\t\t\t\t<div class=\"elementor-widget-container\">\n\t\t\t<h1 class=\"elementor-heading-title elementor-size-default\">Services<\/h1>\t\t<\/div>\n\t\t\t\t<\/div>\n\t\t\t\t\t<\/div>\n\t\t<\/div>\n\t\t\t\t\t\t\t<\/div>\n\t\t<\/section>\n\t\t\t\t<section class=\"elementor-section elementor-top-section elementor-element elementor-element-f9efeb9 elementor-section-boxed elementor-section-height-default elementor-section-height-default\" data-id=\"f9efeb9\" data-element_type=\"section\" data-settings=\"{&quot;background_background&quot;:&quot;classic&quot;}\">\n\t\t\t\t\t\t<div class=\"elementor-container elementor-column-gap-no\">\n\t\t\t\t\t<div class=\"elementor-column elementor-col-100 elementor-top-column elementor-element elementor-element-60e7db4\" data-id=\"60e7db4\" data-element_type=\"column\">\n\t\t\t<div class=\"elementor-widget-wrap elementor-element-populated\">\n\t\t\t\t\t\t\t\t<div class=\"elementor-element elementor-element-0c4732b elementor-widget elementor-widget-jet-portfolio\" data-id=\"0c4732b\" data-element_type=\"widget\" data-widget_type=\"jet-portfolio.default\">\n\t\t\t\t<div class=\"elementor-widget-container\">\n\t\t\t<div class=\"elementor-jet-portfolio jet-elements\">\n<div class=\"jet-portfolio layout-type-grid preset-type-2 layout-desktop-column-3 layout-tablet-column-2 layout-mobile-column-1\" data-settings=\"{&quot;layoutType&quot;:&quot;grid&quot;,&quot;columns&quot;:3,&quot;columnsTablet&quot;:&quot;2&quot;,&quot;columnsMobile&quot;:&quot;1&quot;,&quot;perPage&quot;:6}\"><div class=\"jet-portfolio__list\"><article class=\"jet-portfolio__item visible-status\" data-slug=\"{&quot;0&quot;:&quot;all&quot;}\">\n\t<div class=\"jet-portfolio__inner\">\n\t\t<a class=\"jet-portfolio__link\" href=\"https:\/\/maconneriemtl.com\/wp-content\/uploads\/2021\/04\/WhatsApp-Image-2021-04-09-at-9.57.03-PM-1.jpeg\" data-elementor-open-lightbox=\"yes\">\n\t\t\t<div class=\"jet-portfolio__image\">\n\t\t\t\t<img decoding=\"async\" class=\"jet-portfolio__image-instance\" src=\"https:\/\/maconneriemtl.com\/wp-content\/uploads\/2021\/04\/WhatsApp-Image-2021-04-09-at-9.57.03-PM-1-500x500.jpeg\" width=\"500\" height=\"500\"  alt=\"Repointage de joints\" loading=\"lazy\">\t\t\t\t<div class=\"jet-portfolio__image-loader\"><span><\/span><\/div>\n\t\t\t\t<div class=\"jet-portfolio__cover\"><span class=\"jet-elements-icon\"><i aria-hidden=\"true\" class=\"fas fa-search\"><\/i><\/span><\/div>\n\t\t\t<\/div>\n\t\t<\/a>\n\t\t<div class=\"jet-portfolio__content\">\n\t\t\t<div class=\"jet-portfolio__content-inner\"><h3 class=\"jet-portfolio__title\">Repointage de joints<\/h3><\/div>\n\t\t<\/div>\n\t<\/div>\n<\/article><article class=\"jet-portfolio__item visible-status\" data-slug=\"{&quot;0&quot;:&quot;all&quot;}\">\n\t<div class=\"jet-portfolio__inner\">\n\t\t<a class=\"jet-portfolio__link\" href=\"https:\/\/maconneriemtl.com\/wp-content\/uploads\/2021\/04\/WhatsApp-Image-2021-04-09-at-10.04.17-PM.jpeg\" data-elementor-open-lightbox=\"yes\">\n\t\t\t<div class=\"jet-portfolio__image\">\n\t\t\t\t<img decoding=\"async\" class=\"jet-portfolio__image-instance\" src=\"https:\/\/maconneriemtl.com\/wp-content\/uploads\/2021\/04\/WhatsApp-Image-2021-04-09-at-10.04.17-PM-500x500.jpeg\" width=\"500\" height=\"500\"  alt=\"Restauration de murs de briques\" loading=\"lazy\">\t\t\t\t<div class=\"jet-portfolio__image-loader\"><span><\/span><\/div>\n\t\t\t\t<div class=\"jet-portfolio__cover\"><span class=\"jet-elements-icon\"><i aria-hidden=\"true\" class=\"fas fa-search\"><\/i><\/span><\/div>\n\t\t\t<\/div>\n\t\t<\/a>\n\t\t<div class=\"jet-portfolio__content\">\n\t\t\t<div class=\"jet-portfolio__content-inner\"><h3 class=\"jet-portfolio__title\">Restauration de murs de briques<\/h3><\/div>\n\t\t<\/div>\n\t<\/div>\n<\/article><article class=\"jet-portfolio__item visible-status\" data-slug=\"{&quot;0&quot;:&quot;all&quot;}\">\n\t<div class=\"jet-portfolio__inner\">\n\t\t<a class=\"jet-portfolio__link\" href=\"https:\/\/maconneriemtl.com\/wp-content\/uploads\/2021\/04\/WhatsApp-Image-2021-04-09-at-10.01.52-PM.jpeg\" data-elementor-open-lightbox=\"yes\">\n\t\t\t<div class=\"jet-portfolio__image\">\n\t\t\t\t<img decoding=\"async\" class=\"jet-portfolio__image-instance\" src=\"https:\/\/maconneriemtl.com\/wp-content\/uploads\/2021\/04\/WhatsApp-Image-2021-04-09-at-10.01.52-PM-500x500.jpeg\" width=\"500\" height=\"500\"  alt=\"Remplacement de fer angle\" loading=\"lazy\">\t\t\t\t<div class=\"jet-portfolio__image-loader\"><span><\/span><\/div>\n\t\t\t\t<div class=\"jet-portfolio__cover\"><span class=\"jet-elements-icon\"><i aria-hidden=\"true\" class=\"fas fa-search\"><\/i><\/span><\/div>\n\t\t\t<\/div>\n\t\t<\/a>\n\t\t<div class=\"jet-portfolio__content\">\n\t\t\t<div class=\"jet-portfolio__content-inner\"><h3 class=\"jet-portfolio__title\">Remplacement de fer angle<\/h3><\/div>\n\t\t<\/div>\n\t<\/div>\n<\/article><article class=\"jet-portfolio__item visible-status\" data-slug=\"{&quot;0&quot;:&quot;all&quot;}\">\n\t<div class=\"jet-portfolio__inner\">\n\t\t<a class=\"jet-portfolio__link\" href=\"https:\/\/maconneriemtl.com\/wp-content\/uploads\/2023\/03\/WhatsApp-Image-2023-03-17-at-11.36.25-AM.jpeg\" data-elementor-open-lightbox=\"yes\">\n\t\t\t<div class=\"jet-portfolio__image\">\n\t\t\t\t<img decoding=\"async\" class=\"jet-portfolio__image-instance\" src=\"https:\/\/maconneriemtl.com\/wp-content\/uploads\/2023\/03\/WhatsApp-Image-2023-03-17-at-11.36.25-AM-500x500.jpeg\" width=\"500\" height=\"500\"  alt=\"WhatsApp Image 2023-03-17 at 11.36.25 AM\" loading=\"lazy\">\t\t\t\t<div class=\"jet-portfolio__image-loader\"><span><\/span><\/div>\n\t\t\t\t<div class=\"jet-portfolio__cover\"><span class=\"jet-elements-icon\"><i aria-hidden=\"true\" class=\"fas fa-search\"><\/i><\/span><\/div>\n\t\t\t<\/div>\n\t\t<\/a>\n\t\t<div class=\"jet-portfolio__content\">\n\t\t\t<div class=\"jet-portfolio__content-inner\"><h3 class=\"jet-portfolio__title\">R\u00e9paration et reconstruction chemin\u00e9e<\/h3><\/div>\n\t\t<\/div>\n\t<\/div>\n<\/article><article class=\"jet-portfolio__item visible-status\" data-slug=\"{&quot;0&quot;:&quot;all&quot;}\">\n\t<div class=\"jet-portfolio__inner\">\n\t\t<a class=\"jet-portfolio__link\" href=\"https:\/\/maconneriemtl.com\/wp-content\/uploads\/2023\/03\/WhatsApp-Image-2023-03-17-at-11.38.00-AM.jpeg\" data-elementor-open-lightbox=\"yes\">\n\t\t\t<div class=\"jet-portfolio__image\">\n\t\t\t\t<img decoding=\"async\" class=\"jet-portfolio__image-instance\" src=\"https:\/\/maconneriemtl.com\/wp-content\/uploads\/2023\/03\/WhatsApp-Image-2023-03-17-at-11.38.00-AM-500x500.jpeg\" width=\"500\" height=\"500\"  alt=\"WhatsApp Image 2023-03-17 at 11.38.00 AM\" loading=\"lazy\">\t\t\t\t<div class=\"jet-portfolio__image-loader\"><span><\/span><\/div>\n\t\t\t\t<div class=\"jet-portfolio__cover\"><span class=\"jet-elements-icon\"><i aria-hidden=\"true\" class=\"fas fa-search\"><\/i><\/span><\/div>\n\t\t\t<\/div>\n\t\t<\/a>\n\t\t<div class=\"jet-portfolio__content\">\n\t\t\t<div class=\"jet-portfolio__content-inner\"><h3 class=\"jet-portfolio__title\">Correction du ventre de b\u0153uf<\/h3><\/div>\n\t\t<\/div>\n\t<\/div>\n<\/article><article class=\"jet-portfolio__item visible-status\" data-slug=\"{&quot;0&quot;:&quot;all&quot;}\">\n\t<div class=\"jet-portfolio__inner\">\n\t\t<a class=\"jet-portfolio__link\" href=\"https:\/\/maconneriemtl.com\/wp-content\/uploads\/2023\/03\/WhatsApp-Image-2023-03-17-at-11.40.13-AM.jpeg\" data-elementor-open-lightbox=\"yes\">\n\t\t\t<div class=\"jet-portfolio__image\">\n\t\t\t\t<img decoding=\"async\" class=\"jet-portfolio__image-instance\" src=\"https:\/\/maconneriemtl.com\/wp-content\/uploads\/2023\/03\/WhatsApp-Image-2023-03-17-at-11.40.13-AM-500x500.jpeg\" width=\"500\" height=\"500\"  alt=\"WhatsApp Image 2023-03-17 at 11.40.13 AM\" loading=\"lazy\">\t\t\t\t<div class=\"jet-portfolio__image-loader\"><span><\/span><\/div>\n\t\t\t\t<div class=\"jet-portfolio__cover\"><span class=\"jet-elements-icon\"><i aria-hidden=\"true\" class=\"fas fa-search\"><\/i><\/span><\/div>\n\t\t\t<\/div>\n\t\t<\/a>\n\t\t<div class=\"jet-portfolio__content\">\n\t\t\t<div class=\"jet-portfolio__content-inner\"><h3 class=\"jet-portfolio__title\">Agrandissement pour installation porte patio et fen\u00eatres<\/h3><\/div>\n\t\t<\/div>\n\t<\/div>\n<\/article><article class=\"jet-portfolio__item visible-status\" data-slug=\"{&quot;0&quot;:&quot;all&quot;}\">\n\t<div class=\"jet-portfolio__inner\">\n\t\t<a class=\"jet-portfolio__link\" href=\"https:\/\/maconneriemtl.com\/wp-content\/uploads\/2023\/03\/WhatsApp-Image-2023-03-17-at-11.41.38-AM.jpeg\" data-elementor-open-lightbox=\"yes\">\n\t\t\t<div class=\"jet-portfolio__image\">\n\t\t\t\t<img decoding=\"async\" class=\"jet-portfolio__image-instance\" src=\"https:\/\/maconneriemtl.com\/wp-content\/uploads\/2023\/03\/WhatsApp-Image-2023-03-17-at-11.41.38-AM-500x500.jpeg\" width=\"500\" height=\"500\"  alt=\"WhatsApp Image 2023-03-17 at 11.41.38 AM\" loading=\"lazy\">\t\t\t\t<div class=\"jet-portfolio__image-loader\"><span><\/span><\/div>\n\t\t\t\t<div class=\"jet-portfolio__cover\"><span class=\"jet-elements-icon\"><i aria-hidden=\"true\" class=\"fas fa-search\"><\/i><\/span><\/div>\n\t\t\t<\/div>\n\t\t<\/a>\n\t\t<div class=\"jet-portfolio__content\">\n\t\t\t<div class=\"jet-portfolio__content-inner\"><h3 class=\"jet-portfolio__title\">Remplacement d\u00e8s linteau et all\u00e8ges fissur\u00e9<\/h3><\/div>\n\t\t<\/div>\n\t<\/div>\n<\/article><\/div><\/div>\n<\/div>\t\t<\/div>\n\t\t\t\t<\/div>\n\t\t\t\t\t<\/div>\n\t\t<\/div>\n\t\t\t\t\t\t\t<\/div>\n\t\t<\/section>\n\t\t\t\t<section class=\"elementor-section elementor-top-section elementor-element elementor-element-e93d164 elementor-section-boxed elementor-section-height-default elementor-section-height-default\" data-id=\"e93d164\" data-element_type=\"section\" data-settings=\"{&quot;background_background&quot;:&quot;classic&quot;}\">\n\t\t\t\t\t\t\t<div class=\"elementor-background-overlay\"><\/div>\n\t\t\t\t\t\t\t<div class=\"elementor-container elementor-column-gap-no\">\n\t\t\t\t\t<div class=\"elementor-column elementor-col-50 elementor-top-column elementor-element elementor-element-87d1c01\" data-id=\"87d1c01\" data-element_type=\"column\">\n\t\t\t<div class=\"elementor-widget-wrap elementor-element-populated\">\n\t\t\t\t\t\t\t\t<div class=\"elementor-element elementor-element-c35dda0 elementor-widget elementor-widget-heading\" data-id=\"c35dda0\" data-element_type=\"widget\" data-widget_type=\"heading.default\">\n\t\t\t\t<div class=\"elementor-widget-container\">\n\t\t\t<h2 class=\"elementor-heading-title elementor-size-default\">La Restauration Est Votre Solution<\/h2>\t\t<\/div>\n\t\t\t\t<\/div>\n\t\t\t\t\t<\/div>\n\t\t<\/div>\n\t\t\t\t<div class=\"elementor-column elementor-col-50 elementor-top-column elementor-element elementor-element-fe72940 raven-column-flex-space-between raven-column-flex-horizontal\" data-id=\"fe72940\" data-element_type=\"column\">\n\t\t\t<div class=\"elementor-widget-wrap elementor-element-populated\">\n\t\t\t\t\t\t\t\t<div class=\"elementor-element elementor-element-8550e55 elementor-widget elementor-widget-text-editor\" data-id=\"8550e55\" data-element_type=\"widget\" data-widget_type=\"text-editor.default\">\n\t\t\t\t<div class=\"elementor-widget-container\">\n\t\t\t\t\t<div class=\"elementor-text-editor elementor-clearfix\"><p>+1 (514) 836-4209<\/p><\/div>\n\t\t\t\t<\/div>\n\t\t\t\t<\/div>\n\t\t\t\t<div class=\"jet-popup-target elementor-element elementor-element-8c8aea8 elementor-align-left elementor-widget elementor-widget-raven-button\" data-id=\"8c8aea8\" data-element_type=\"widget\" data-widget_type=\"raven-button.default\">\n\t\t\t\t<div class=\"elementor-widget-container\">\n\t\t\t\t\t<div class=\"raven-widget-wrapper\">\n\t\t\t<a class=\"raven-button raven-button-link\" href=\"https:\/\/maconneriemtl.com\/en\/contact\/\">\n\t\t\t\t<span class=\"raven-button-content\">\n\t\t\t\t\t\t\t\t\t\t<span class=\"raven-button-text\">\n\t\t\t\t\t\tNous Joindres\t\t\t\t\t\t\t\t\t\t\t<\/span>\n\t\t\t\t<\/span>\n\t\t\t<\/a>\n\t\t<\/div>\n\t\t\t\t<\/div>\n\t\t\t\t<\/div>\n\t\t\t\t\t<\/div>\n\t\t<\/div>\n\t\t\t\t\t\t\t<\/div>\n\t\t<\/section>\n\t\t\t\t\t\t<\/div>\n\t\t\t\t\t<\/div>","protected":false},"excerpt":{"rendered":"<p>Services Repointage de joints Restauration de murs de briques Remplacement de fer angle R\u00e9paration et reconstruction chemin\u00e9e Correction du ventre de b\u0153uf Agrandissement pour installation porte patio et fen\u00eatres Remplacement d\u00e8s linteau et all\u00e8ges fissur\u00e9 La Restauration Est Votre Solution +1 (514) 836-4209 Nous Joindres<\/p>","protected":false},"author":1,"featured_media":0,"parent":0,"menu_order":0,"comment_status":"closed","ping_status":"closed","template":"full-width.php","meta":{"_acf_changed":false,"om_disable_all_campaigns":false,"_monsterinsights_skip_tracking":false,"_monsterinsights_sitenote_active":false,"_monsterinsights_sitenote_note":"","_monsterinsights_sitenote_category":0,"footnotes":""},"class_list":["post-95","page","type-page","status-publish","hentry"],"acf":[],"aioseo_notices":[],"_links":{"self":[{"href":"https:\/\/maconneriemtl.com\/en\/wp-json\/wp\/v2\/pages\/95","targetHints":{"allow":["GET"]}}],"collection":[{"href":"https:\/\/maconneriemtl.com\/en\/wp-json\/wp\/v2\/pages"}],"about":[{"href":"https:\/\/maconneriemtl.com\/en\/wp-json\/wp\/v2\/types\/page"}],"author":[{"embeddable":true,"href":"https:\/\/maconneriemtl.com\/en\/wp-json\/wp\/v2\/users\/1"}],"replies":[{"embeddable":true,"href":"https:\/\/maconneriemtl.com\/en\/wp-json\/wp\/v2\/comments?post=95"}],"version-history":[{"count":49,"href":"https:\/\/maconneriemtl.com\/en\/wp-json\/wp\/v2\/pages\/95\/revisions"}],"predecessor-version":[{"id":873,"href":"https:\/\/maconneriemtl.com\/en\/wp-json\/wp\/v2\/pages\/95\/revisions\/873"}],"wp:attachment":[{"href":"https:\/\/maconneriemtl.com\/en\/wp-json\/wp\/v2\/media?parent=95"}],"curies":[{"name":"wp","href":"https:\/\/api.w.org\/{rel}","templated":true}]}}